{"id":293,"date":"2022-06-22T14:41:02","date_gmt":"2022-06-22T12:41:02","guid":{"rendered":"https:\/\/heritagestudies.eu\/youngclimateaction\/?page_id=293"},"modified":"2024-05-03T14:09:58","modified_gmt":"2024-05-03T12:09:58","slug":"schools","status":"publish","type":"page","link":"https:\/\/heritagestudies.eu\/youngclimateaction\/en\/schools\/","title":{"rendered":"Schools"},"content":{"rendered":"<div id=\"pl-293\"  class=\"panel-layout\" ><div id=\"pg-293-0\"  class=\"panel-grid panel-no-style\" ><div id=\"pgc-293-0-0\"  class=\"panel-grid-cell\" ><div id=\"panel-293-0-0-0\" class=\"so-panel widget widget_sow-editor panel-first-child panel-last-child\" data-index=\"0\" ><div\n\t\t\t\n\t\t\tclass=\"so-widget-sow-editor so-widget-sow-editor-base\"\n\t\t\t\n\t\t>\n<div class=\"siteorigin-widget-tinymce textwidget\">\n\t<p>The UNESCO Associated Schools Network (ASPnet) in Germany consists of around 300 schools and educational institutions of all types. In their school profiles and their work, they commit to promoting UNESCO\u2019s goals and values, and actively contribute to the implementation of the Sustainable Development Goals, in particular SDG 4 (quality education). While Education for Sustainable Development is one of the central approaches of the network, some schools also incorporate World Heritage education. Partnerships and cooperations with non-school actors are vital for ASPnet schools as part of an open and participatory network. The project thus offered the opportunity to introduce them to and connect them with World Heritage sites as places of learning about climate change.<\/p>\n<p>As the project aimed to initiate and promote long-term partnerships between schools and World Heritage sites, it also invited schools beyond ASPnet to join, either because they had already been cooperating with World Heritage Sites or because they had been interested in a cooperation but had not found the momentum so far.<\/p>\n<\/div>\n<\/div><\/div><\/div><\/div><div id=\"pg-293-1\"  class=\"panel-grid panel-no-style\" ><div id=\"pgc-293-1-0\"  class=\"panel-grid-cell\" ><div id=\"panel-293-1-0-0\" class=\"so-panel widget widget_sow-editor panel-first-child panel-last-child\" data-index=\"1\" ><div\n\t\t\t\n\t\t\tclass=\"so-widget-sow-editor so-widget-sow-editor-base\"\n\t\t\t\n\t\t>\n<div class=\"siteorigin-widget-tinymce textwidget\">\n\t<p><strong>Participating schools from the UNESCO Associated Schools Network and beyond from Germany, Denmark, Netherlands, Poland and Czech:<\/strong><\/p>\n<ul>\n<li><em>Wadden Sea<\/em>\n<ul>\n<li><a href=\"https:\/\/max-emden.de\/\" target=\"_blank\" rel=\"noopener\">Max-Windm\u00fcller-Gymnasium Emden<\/a><\/li>\n<li><a href=\"https:\/\/www.heinrich-hertz-schule-hamburg.de\/\" target=\"_blank\" rel=\"noopener\">Heinrich-Hertz-Schule Hamburg<\/a><\/li>\n<li><a href=\"https:\/\/tss-husum.lernnetz.de\/unsere-schule.html\" target=\"_blank\" rel=\"noopener\">Theodor-Storm-Schule Husum<\/a><\/li>\n<li><a href=\"https:\/\/lindbjergskolen.aula.dk\/\" target=\"_blank\" rel=\"noopener\">Lindbjergskolen Herning<\/a><\/li>\n<li><a href=\"https:\/\/www.vestdijk.nl\/\" target=\"_blank\" rel=\"noopener\">Simon Vestdijk School Harlingen<\/a><\/li>\n<\/ul>\n<\/li>\n<\/ul>\n<ul>\n<li><em>Archaeological Border Complex Hedeby and Danevirke<\/em>\n<ul>\n<li><a href=\"http:\/\/www.apmoellerskolen.org\/\">A. P. M\u00f8ller Skolen<\/a><\/li>\n<li><a href=\"https:\/\/www.domschule-sl.de\/index.php\" target=\"_blank\" rel=\"noopener\">Domschule Schleswig<\/a><\/li>\n<li><a href=\"https:\/\/www.khs-kappeln.de\/willkommen\/\" target=\"_blank\" rel=\"noopener\">Klaus-Harms-Schule Kappeln<\/a><\/li>\n<\/ul>\n<\/li>\n<\/ul>\n<ul>\n<li><em>Rammelsberg mine, old town of Goslar and Upper Harz water management system<\/em>\n<ul>\n<li><a href=\"https:\/\/trg-osterode.de\/\" target=\"_blank\" rel=\"noopener\">Tilman-Riemenschneider-Gymnasium Osterode am Harz<\/a><\/li>\n<li><a href=\"https:\/\/www.agg-goslar.com\/\" target=\"_blank\" rel=\"noopener\">Adolf-Grimme-Gesamtschule Goslar<\/a><\/li>\n<li><a href=\"https:\/\/www.gymtrebon.cz\/\" target=\"_blank\" rel=\"noopener\">Gymn\u00e1zium T\u0159ebo\u0148<\/a><\/li>\n<\/ul>\n<\/li>\n<\/ul>\n<ul>\n<li><em>Erzgebirge\/Kru\u0161noho\u0159\u00ed Mining Region<\/em>\n<ul>\n<li><a href=\"https:\/\/gymnasium-marienberg.de\" target=\"_blank\" rel=\"noopener\">Gymnasium Marienberg<\/a><\/li>\n<li><a href=\"http:\/\/www.ohainschule-freiberg.de\/\" target=\"_blank\" rel=\"noopener\">Oberschule \"Gottfried Pabst von Ohain\" Freiberg<\/a><\/li>\n<li><a href=\"https:\/\/www.g8mb.cz\/\" target=\"_blank\" rel=\"noopener\">Gymnazium Mlada Boleslav<\/a><\/li>\n<\/ul>\n<\/li>\n<\/ul>\n<ul>\n<li><em>Moravian Church Settlements, component part Herrnhut (World Heritage Candiadate)<\/em>\n<ul>\n<li><a href=\"https:\/\/ezsh.de\/\" target=\"_blank\" rel=\"noopener\">Evangelische Zinzendorfschulen Herrnhut<\/a><\/li>\n<li><a href=\"https:\/\/schliebenschule.de\/\" target=\"_blank\" rel=\"noopener\">Richard-von-Schlieben-Oberschule Zittau<\/a><\/li>\n<li><a href=\"https:\/\/czech-glass-school.cz\/\" target=\"_blank\" rel=\"noopener\">Stredni umeleckoprumyslova skola sklarska Kamenick\u00fd \u0160enov \/ Secondary School of Glassmaking Kamenick\u00fd \u0160enov<\/a><\/li>\n<\/ul>\n<\/li>\n<\/ul>\n<ul>\n<li><em>Palaces and Parks of Potsdam and Berlin<\/em>\n<ul>\n<li><a href=\"https:\/\/2lo.legnica.eu\/\" target=\"_blank\" rel=\"noopener\">II Liceum Og\u00f3lnokszta\u0142c\u0105ce im. Stanis\u0142awa Wyspia\u0144skiego Legnica<\/a><\/li>\n<li><a href=\"http:\/\/www.lozagan.pl\/\" target=\"_blank\" rel=\"noopener\"><span lang=\"DE\">I Liceum im. <\/span>Stefana Banacha \u017baga\u0144<\/a><\/li>\n<li><a href=\"https:\/\/www.sophie-scholl-schule.eu\/\" target=\"_blank\" rel=\"noopener\">Sophie-Scholl-Schule Berlin<\/a><\/li>\n<li><a href=\"https:\/\/www.sophie-scholl-schule.eu\/\" target=\"_blank\" rel=\"noopener\">Rouanet-Gymnasium Beeskow<\/a><\/li>\n<\/ul>\n<\/li>\n<\/ul>\n<\/div>\n<\/div><\/div><\/div><\/div><\/div><div class=\"shariff shariff-align-left shariff-widget-align-left\" style=\"display:none\"><ul class=\"shariff-buttons theme-white orientation-horizontal buttonsize-medium\"><li class=\"shariff-button facebook shariff-nocustomcolor\" style=\"background-color:#4273c8\"><a href=\"https:\/\/www.facebook.com\/sharer\/sharer.php?u=https%3A%2F%2Fheritagestudies.eu%2Fyoungclimateaction%2Fen%2Fschools%2F\" title=\"Bei Facebook teilen\" aria-label=\"Bei Facebook teilen\" role=\"button\" rel=\"nofollow\" class=\"shariff-link\" style=\"; background-color:#3b5998; color:#3b5998\" target=\"_blank\"><span class=\"shariff-icon\" style=\"fill:#3b5998\"><svg width=\"32px\" height=\"20px\" xmlns=\"http:\/\/www.w3.org\/2000\/svg\" viewBox=\"0 0 18 32\"><path fill=\"#3b5998\" d=\"M17.1 0.2v4.7h-2.8q-1.5 0-2.1 0.6t-0.5 1.9v3.4h5.2l-0.7 5.3h-4.5v13.6h-5.5v-13.6h-4.5v-5.3h4.5v-3.9q0-3.3 1.9-5.2t5-1.8q2.6 0 4.1 0.2z\"\/><\/svg><\/span><span class=\"shariff-text\" style=\"color:#3b5998\">teilen<\/span>&nbsp;<\/a><\/li><li class=\"shariff-button twitter shariff-nocustomcolor\" style=\"background-color:#595959\"><a href=\"https:\/\/twitter.com\/share?url=https%3A%2F%2Fheritagestudies.eu%2Fyoungclimateaction%2Fen%2Fschools%2F&text=Schools&via=InstituteHeritageStudies\" title=\"Bei X teilen\" aria-label=\"Bei X teilen\" role=\"button\" rel=\"noopener nofollow\" class=\"shariff-link\" style=\"; background-color:#000; color:#000\" target=\"_blank\"><span class=\"shariff-icon\" style=\"fill:#000\"><svg width=\"32px\" height=\"20px\" xmlns=\"http:\/\/www.w3.org\/2000\/svg\" viewBox=\"0 0 24 24\"><path fill=\"#000\" d=\"M14.258 10.152L23.176 0h-2.113l-7.747 8.813L7.133 0H0l9.352 13.328L0 23.973h2.113l8.176-9.309 6.531 9.309h7.133zm-2.895 3.293l-.949-1.328L2.875 1.56h3.246l6.086 8.523.945 1.328 7.91 11.078h-3.246zm0 0\"\/><\/svg><\/span><span class=\"shariff-text\" style=\"color:#000\">teilen<\/span>&nbsp;<\/a><\/li><li class=\"shariff-button linkedin shariff-nocustomcolor\" style=\"background-color:#1488bf\"><a href=\"https:\/\/www.linkedin.com\/sharing\/share-offsite\/?url=https%3A%2F%2Fheritagestudies.eu%2Fyoungclimateaction%2Fen%2Fschools%2F\" title=\"Bei LinkedIn teilen\" aria-label=\"Bei LinkedIn teilen\" role=\"button\" rel=\"noopener nofollow\" class=\"shariff-link\" style=\"; background-color:#0077b5; color:#0077b5\" target=\"_blank\"><span class=\"shariff-icon\" style=\"fill:#0077b5\"><svg width=\"32px\" height=\"20px\" xmlns=\"http:\/\/www.w3.org\/2000\/svg\" viewBox=\"0 0 27 32\"><path fill=\"#0077b5\" d=\"M6.2 11.2v17.7h-5.9v-17.7h5.9zM6.6 5.7q0 1.3-0.9 2.2t-2.4 0.9h0q-1.5 0-2.4-0.9t-0.9-2.2 0.9-2.2 2.4-0.9 2.4 0.9 0.9 2.2zM27.4 18.7v10.1h-5.9v-9.5q0-1.9-0.7-2.9t-2.3-1.1q-1.1 0-1.9 0.6t-1.2 1.5q-0.2 0.5-0.2 1.4v9.9h-5.9q0-7.1 0-11.6t0-5.3l0-0.9h5.9v2.6h0q0.4-0.6 0.7-1t1-0.9 1.6-0.8 2-0.3q3 0 4.9 2t1.9 6z\"\/><\/svg><\/span><span class=\"shariff-text\" style=\"color:#0077b5\">teilen<\/span>&nbsp;<\/a><\/li><li class=\"shariff-button mailto shariff-nocustomcolor\" style=\"background-color:#a8a8a8\"><a href=\"mailto:?body=https%3A%2F%2Fheritagestudies.eu%2Fyoungclimateaction%2Fen%2Fschools%2F&subject=Schools\" title=\"Per E-Mail versenden\" aria-label=\"Per E-Mail versenden\" role=\"button\" rel=\"noopener nofollow\" class=\"shariff-link\" style=\"; background-color:#999; color:#999\"><span class=\"shariff-icon\" style=\"fill:#999\"><svg width=\"32px\" height=\"20px\" xmlns=\"http:\/\/www.w3.org\/2000\/svg\" viewBox=\"0 0 32 32\"><path fill=\"#999\" d=\"M32 12.7v14.2q0 1.2-0.8 2t-2 0.9h-26.3q-1.2 0-2-0.9t-0.8-2v-14.2q0.8 0.9 1.8 1.6 6.5 4.4 8.9 6.1 1 0.8 1.6 1.2t1.7 0.9 2 0.4h0.1q0.9 0 2-0.4t1.7-0.9 1.6-1.2q3-2.2 8.9-6.1 1-0.7 1.8-1.6zM32 7.4q0 1.4-0.9 2.7t-2.2 2.2q-6.7 4.7-8.4 5.8-0.2 0.1-0.7 0.5t-1 0.7-0.9 0.6-1.1 0.5-0.9 0.2h-0.1q-0.4 0-0.9-0.2t-1.1-0.5-0.9-0.6-1-0.7-0.7-0.5q-1.6-1.1-4.7-3.2t-3.6-2.6q-1.1-0.7-2.1-2t-1-2.5q0-1.4 0.7-2.3t2.1-0.9h26.3q1.2 0 2 0.8t0.9 2z\"\/><\/svg><\/span><span class=\"shariff-text\" style=\"color:#999\">E-Mail<\/span>&nbsp;<\/a><\/li><li class=\"shariff-button printer shariff-nocustomcolor\" style=\"background-color:#a8a8a8\"><a href=\"javascript:window.print()\" title=\"drucken\" aria-label=\"drucken\" role=\"button\" rel=\"noopener nofollow\" class=\"shariff-link\" style=\"; background-color:#999; color:#999\"><span class=\"shariff-icon\" style=\"fill:#999\"><svg width=\"32px\" height=\"20px\" xmlns=\"http:\/\/www.w3.org\/2000\/svg\" viewBox=\"0 0 30 32\"><path fill=\"#999\" d=\"M6.8 27.4h16v-4.6h-16v4.6zM6.8 16h16v-6.8h-2.8q-0.7 0-1.2-0.5t-0.5-1.2v-2.8h-11.4v11.4zM27.4 17.2q0-0.5-0.3-0.8t-0.8-0.4-0.8 0.4-0.3 0.8 0.3 0.8 0.8 0.3 0.8-0.3 0.3-0.8zM29.7 17.2v7.4q0 0.2-0.2 0.4t-0.4 0.2h-4v2.8q0 0.7-0.5 1.2t-1.2 0.5h-17.2q-0.7 0-1.2-0.5t-0.5-1.2v-2.8h-4q-0.2 0-0.4-0.2t-0.2-0.4v-7.4q0-1.4 1-2.4t2.4-1h1.2v-9.7q0-0.7 0.5-1.2t1.2-0.5h12q0.7 0 1.6 0.4t1.3 0.8l2.7 2.7q0.5 0.5 0.9 1.4t0.4 1.6v4.6h1.1q1.4 0 2.4 1t1 2.4z\"\/><\/svg><\/span><span class=\"shariff-text\" style=\"color:#999\">drucken<\/span>&nbsp;<\/a><\/li><li class=\"shariff-button info shariff-nocustomcolor\" style=\"background-color:#a8a8a8\"><a href=\"http:\/\/ct.de\/-2467514\" title=\"Weitere Informationen\" aria-label=\"Weitere Informationen\" role=\"button\" rel=\"noopener \" class=\"shariff-link\" style=\"; background-color:#999; color:#999\" target=\"_blank\"><span class=\"shariff-icon\" style=\"fill:#999\"><svg width=\"32px\" height=\"20px\" xmlns=\"http:\/\/www.w3.org\/2000\/svg\" viewBox=\"0 0 11 32\"><path fill=\"#999\" d=\"M11.4 24v2.3q0 0.5-0.3 0.8t-0.8 0.4h-9.1q-0.5 0-0.8-0.4t-0.4-0.8v-2.3q0-0.5 0.4-0.8t0.8-0.4h1.1v-6.8h-1.1q-0.5 0-0.8-0.4t-0.4-0.8v-2.3q0-0.5 0.4-0.8t0.8-0.4h6.8q0.5 0 0.8 0.4t0.4 0.8v10.3h1.1q0.5 0 0.8 0.4t0.3 0.8zM9.2 3.4v3.4q0 0.5-0.4 0.8t-0.8 0.4h-4.6q-0.4 0-0.8-0.4t-0.4-0.8v-3.4q0-0.4 0.4-0.8t0.8-0.4h4.6q0.5 0 0.8 0.4t0.4 0.8z\"\/><\/svg><\/span><\/a><\/li><\/ul><\/div>","protected":false},"excerpt":{"rendered":"<p>The UNESCO Associated Schools Network (ASPnet) in Germany consists of around 300 schools and educational institutions of all types. In <a class=\"more-link\" href=\"https:\/\/heritagestudies.eu\/youngclimateaction\/en\/schools\/\">&nbsp;&nbsp; &#8230; Learn more &#8230;<\/a><\/p>\n","protected":false},"author":18,"featured_media":0,"parent":0,"menu_order":0,"comment_status":"closed","ping_status":"closed","template":"","meta":{"footnotes":""},"class_list":["post-293","page","type-page","status-publish","hentry"],"yoast_head":"<!-- This site is optimized with the Yoast SEO plugin v27.5 - https:\/\/yoast.com\/product\/yoast-seo-wordpress\/ -->\n<title>Schools - Young Climate Action for World Heritage<\/title>\n<meta name=\"description\" content=\"The UNESCO Associated Schools Network (ASPnet) in Germany consists of around 300 schools and educational institutions of all types.\" \/>\n<meta name=\"robots\" content=\"index, follow, max-snippet:-1, max-image-preview:large, max-video-preview:-1\" \/>\n<link rel=\"canonical\" href=\"https:\/\/heritagestudies.eu\/youngclimateaction\/en\/schools\/\" \/>\n<meta property=\"og:locale\" content=\"de_DE\" \/>\n<meta property=\"og:type\" content=\"article\" \/>\n<meta property=\"og:title\" content=\"Schools - Young Climate Action for World Heritage\" \/>\n<meta property=\"og:description\" content=\"The UNESCO Associated Schools Network (ASPnet) in Germany consists of around 300 schools and educational institutions of all types.\" \/>\n<meta property=\"og:url\" content=\"https:\/\/heritagestudies.eu\/youngclimateaction\/en\/schools\/\" \/>\n<meta property=\"og:site_name\" content=\"Young Climate Action for World Heritage\" \/>\n<meta property=\"article:publisher\" content=\"https:\/\/www.facebook.com\/HeritageStudies\" \/>\n<meta property=\"article:modified_time\" content=\"2024-05-03T12:09:58+00:00\" \/>\n<meta property=\"og:image\" content=\"https:\/\/heritagestudies.eu\/youngclimateaction\/wp-content\/uploads\/sites\/10\/2022\/04\/IHS_Visual_YoungClimateAction_retina1560x880_RGB.png\" \/>\n\t<meta property=\"og:image:width\" content=\"1560\" \/>\n\t<meta property=\"og:image:height\" content=\"880\" \/>\n\t<meta property=\"og:image:type\" content=\"image\/png\" \/>\n<meta name=\"twitter:card\" content=\"summary_large_image\" \/>\n<meta name=\"twitter:label1\" content=\"Gesch\u00e4tzte Lesezeit\" \/>\n\t<meta name=\"twitter:data1\" content=\"2\u00a0Minuten\" \/>\n<script type=\"application\/ld+json\" class=\"yoast-schema-graph\">{\"@context\":\"https:\\\/\\\/schema.org\",\"@graph\":[{\"@type\":\"WebPage\",\"@id\":\"https:\\\/\\\/heritagestudies.eu\\\/youngclimateaction\\\/en\\\/schools\\\/\",\"url\":\"https:\\\/\\\/heritagestudies.eu\\\/youngclimateaction\\\/en\\\/schools\\\/\",\"name\":\"Schools - Young Climate Action for World Heritage\",\"isPartOf\":{\"@id\":\"https:\\\/\\\/heritagestudies.eu\\\/youngclimateaction\\\/#website\"},\"datePublished\":\"2022-06-22T12:41:02+00:00\",\"dateModified\":\"2024-05-03T12:09:58+00:00\",\"description\":\"The UNESCO Associated Schools Network (ASPnet) in Germany consists of around 300 schools and educational institutions of all types.\",\"breadcrumb\":{\"@id\":\"https:\\\/\\\/heritagestudies.eu\\\/youngclimateaction\\\/en\\\/schools\\\/#breadcrumb\"},\"inLanguage\":\"de\",\"potentialAction\":[{\"@type\":\"ReadAction\",\"target\":[\"https:\\\/\\\/heritagestudies.eu\\\/youngclimateaction\\\/en\\\/schools\\\/\"]}]},{\"@type\":\"BreadcrumbList\",\"@id\":\"https:\\\/\\\/heritagestudies.eu\\\/youngclimateaction\\\/en\\\/schools\\\/#breadcrumb\",\"itemListElement\":[{\"@type\":\"ListItem\",\"position\":1,\"name\":\"Hompepage\",\"item\":\"https:\\\/\\\/heritagestudies.eu\\\/youngclimateaction\\\/\"},{\"@type\":\"ListItem\",\"position\":2,\"name\":\"Schools\"}]},{\"@type\":\"WebSite\",\"@id\":\"https:\\\/\\\/heritagestudies.eu\\\/youngclimateaction\\\/#website\",\"url\":\"https:\\\/\\\/heritagestudies.eu\\\/youngclimateaction\\\/\",\"name\":\"Young Climate Action for World Heritage\",\"description\":\"An educational project by the Institute Heritage Studies and the German Commission for UNESCO for young people\",\"publisher\":{\"@id\":\"https:\\\/\\\/heritagestudies.eu\\\/youngclimateaction\\\/#organization\"},\"potentialAction\":[{\"@type\":\"SearchAction\",\"target\":{\"@type\":\"EntryPoint\",\"urlTemplate\":\"https:\\\/\\\/heritagestudies.eu\\\/youngclimateaction\\\/?s={search_term_string}\"},\"query-input\":{\"@type\":\"PropertyValueSpecification\",\"valueRequired\":true,\"valueName\":\"search_term_string\"}}],\"inLanguage\":\"de\"},{\"@type\":\"Organization\",\"@id\":\"https:\\\/\\\/heritagestudies.eu\\\/youngclimateaction\\\/#organization\",\"name\":\"Young Climate Action for World Heritage\",\"url\":\"https:\\\/\\\/heritagestudies.eu\\\/youngclimateaction\\\/\",\"logo\":{\"@type\":\"ImageObject\",\"inLanguage\":\"de\",\"@id\":\"https:\\\/\\\/heritagestudies.eu\\\/youngclimateaction\\\/#\\\/schema\\\/logo\\\/image\\\/\",\"url\":\"https:\\\/\\\/heritagestudies.eu\\\/youngclimateaction\\\/wp-content\\\/uploads\\\/sites\\\/10\\\/2022\\\/06\\\/IHS_Visual_YoungClimateAction_final_RGB.png\",\"contentUrl\":\"https:\\\/\\\/heritagestudies.eu\\\/youngclimateaction\\\/wp-content\\\/uploads\\\/sites\\\/10\\\/2022\\\/06\\\/IHS_Visual_YoungClimateAction_final_RGB.png\",\"width\":1530,\"height\":960,\"caption\":\"Young Climate Action for World Heritage\"},\"image\":{\"@id\":\"https:\\\/\\\/heritagestudies.eu\\\/youngclimateaction\\\/#\\\/schema\\\/logo\\\/image\\\/\"},\"sameAs\":[\"https:\\\/\\\/www.facebook.com\\\/HeritageStudies\",\"https:\\\/\\\/www.youtube.com\\\/c\\\/HeritageStudies\",\"https:\\\/\\\/www.instagram.com\\\/heritagestudies\\\/\"]}]}<\/script>\n<!-- \/ Yoast SEO plugin. -->","yoast_head_json":{"title":"Schools - Young Climate Action for World Heritage","description":"The UNESCO Associated Schools Network (ASPnet) in Germany consists of around 300 schools and educational institutions of all types.","robots":{"index":"index","follow":"follow","max-snippet":"max-snippet:-1","max-image-preview":"max-image-preview:large","max-video-preview":"max-video-preview:-1"},"canonical":"https:\/\/heritagestudies.eu\/youngclimateaction\/en\/schools\/","og_locale":"de_DE","og_type":"article","og_title":"Schools - Young Climate Action for World Heritage","og_description":"The UNESCO Associated Schools Network (ASPnet) in Germany consists of around 300 schools and educational institutions of all types.","og_url":"https:\/\/heritagestudies.eu\/youngclimateaction\/en\/schools\/","og_site_name":"Young Climate Action for World Heritage","article_publisher":"https:\/\/www.facebook.com\/HeritageStudies","article_modified_time":"2024-05-03T12:09:58+00:00","og_image":[{"width":1560,"height":880,"url":"https:\/\/heritagestudies.eu\/youngclimateaction\/wp-content\/uploads\/sites\/10\/2022\/04\/IHS_Visual_YoungClimateAction_retina1560x880_RGB.png","type":"image\/png"}],"twitter_card":"summary_large_image","twitter_misc":{"Gesch\u00e4tzte Lesezeit":"2\u00a0Minuten"},"schema":{"@context":"https:\/\/schema.org","@graph":[{"@type":"WebPage","@id":"https:\/\/heritagestudies.eu\/youngclimateaction\/en\/schools\/","url":"https:\/\/heritagestudies.eu\/youngclimateaction\/en\/schools\/","name":"Schools - Young Climate Action for World Heritage","isPartOf":{"@id":"https:\/\/heritagestudies.eu\/youngclimateaction\/#website"},"datePublished":"2022-06-22T12:41:02+00:00","dateModified":"2024-05-03T12:09:58+00:00","description":"The UNESCO Associated Schools Network (ASPnet) in Germany consists of around 300 schools and educational institutions of all types.","breadcrumb":{"@id":"https:\/\/heritagestudies.eu\/youngclimateaction\/en\/schools\/#breadcrumb"},"inLanguage":"de","potentialAction":[{"@type":"ReadAction","target":["https:\/\/heritagestudies.eu\/youngclimateaction\/en\/schools\/"]}]},{"@type":"BreadcrumbList","@id":"https:\/\/heritagestudies.eu\/youngclimateaction\/en\/schools\/#breadcrumb","itemListElement":[{"@type":"ListItem","position":1,"name":"Hompepage","item":"https:\/\/heritagestudies.eu\/youngclimateaction\/"},{"@type":"ListItem","position":2,"name":"Schools"}]},{"@type":"WebSite","@id":"https:\/\/heritagestudies.eu\/youngclimateaction\/#website","url":"https:\/\/heritagestudies.eu\/youngclimateaction\/","name":"Young Climate Action for World Heritage","description":"An educational project by the Institute Heritage Studies and the German Commission for UNESCO for young people","publisher":{"@id":"https:\/\/heritagestudies.eu\/youngclimateaction\/#organization"},"potentialAction":[{"@type":"SearchAction","target":{"@type":"EntryPoint","urlTemplate":"https:\/\/heritagestudies.eu\/youngclimateaction\/?s={search_term_string}"},"query-input":{"@type":"PropertyValueSpecification","valueRequired":true,"valueName":"search_term_string"}}],"inLanguage":"de"},{"@type":"Organization","@id":"https:\/\/heritagestudies.eu\/youngclimateaction\/#organization","name":"Young Climate Action for World Heritage","url":"https:\/\/heritagestudies.eu\/youngclimateaction\/","logo":{"@type":"ImageObject","inLanguage":"de","@id":"https:\/\/heritagestudies.eu\/youngclimateaction\/#\/schema\/logo\/image\/","url":"https:\/\/heritagestudies.eu\/youngclimateaction\/wp-content\/uploads\/sites\/10\/2022\/06\/IHS_Visual_YoungClimateAction_final_RGB.png","contentUrl":"https:\/\/heritagestudies.eu\/youngclimateaction\/wp-content\/uploads\/sites\/10\/2022\/06\/IHS_Visual_YoungClimateAction_final_RGB.png","width":1530,"height":960,"caption":"Young Climate Action for World Heritage"},"image":{"@id":"https:\/\/heritagestudies.eu\/youngclimateaction\/#\/schema\/logo\/image\/"},"sameAs":["https:\/\/www.facebook.com\/HeritageStudies","https:\/\/www.youtube.com\/c\/HeritageStudies","https:\/\/www.instagram.com\/heritagestudies\/"]}]}},"jetpack-related-posts":[{"id":2005,"url":"https:\/\/heritagestudies.eu\/youngclimateaction\/en\/project-community\/","url_meta":{"origin":293,"position":0},"title":"Project Community","author":"ihs4net3man","date":"27. M\u00e4rz 2024","format":false,"excerpt":"The sustainable safeguarding of World Heritage can only be achieved by mobilising current and future civil society. The focus of this project was on young people as actors with the potential to look forward and shape the future. This makes young people the most important target group when it comes\u2026","rel":"","context":"\u00c4hnlicher Beitrag","block_context":{"text":"\u00c4hnlicher Beitrag","link":""},"img":{"alt_text":"","src":"","width":0,"height":0},"classes":[]},{"id":471,"url":"https:\/\/heritagestudies.eu\/youngclimateaction\/en\/project-partner\/","url_meta":{"origin":293,"position":1},"title":"Project Partner and Sponsors","author":"ihs4net3man","date":"23. Juni 2022","format":false,"excerpt":"World Heritage Sites | Institutions | Sponsors World Heritage Sites Wadden Sea Archaeological Border Complex Hedeby and Danevirke Mines of Rammelsberg, Historic Town of Goslar and Upper Harz Water Management System Palaces and Parks of Potsdam and Berlin Erzgebirge\/Kru\u0161noho\u0159\u00ed Mining Region Moravian Church Settlements, component part Herrnhut (World Heritage Candiadate)\u2026","rel":"","context":"\u00c4hnlicher Beitrag","block_context":{"text":"\u00c4hnlicher Beitrag","link":""},"img":{"alt_text":"","src":"","width":0,"height":0},"classes":[]},{"id":22,"url":"https:\/\/heritagestudies.eu\/youngclimateaction\/en\/home\/","url_meta":{"origin":293,"position":2},"title":"Home","author":"ihs4net3man","date":"14. April 2022","format":false,"excerpt":"\u201cYoung Climate Action for World Heritage\u201d is an international educational project of the Institute Heritage Studies and the German Commission for UNESCO. The youth project innovatively combines the topics of UNESCO World Heritage, Education for Sustainable Development and climate change. At six World Heritage Sites, students in international teams from\u2026","rel":"","context":"\u00c4hnlicher Beitrag","block_context":{"text":"\u00c4hnlicher Beitrag","link":""},"img":{"alt_text":"","src":"","width":0,"height":0},"classes":[]},{"id":290,"url":"https:\/\/heritagestudies.eu\/youngclimateaction\/en\/ressources\/","url_meta":{"origin":293,"position":3},"title":"Ressources","author":"ihs4net3man","date":"22. Juni 2022","format":false,"excerpt":"Young Climate Action for World Heritage. Promoting Climate Action and Sustainability in World Heritage Education. (2025) Publishers: Institute Heritage Studies, Deutsche UNESCO-Kommission, Deutsche Bundesstiftung Umwelt Editors: Marie-Theres Albert, Claudia Gr\u00fcnberg, Jasmin Frischemeier, Klaus Schilling, Constanze Fuhrmann \u2192 Download (PDF) Practical impulses for schools on UNESCO World Heritage in Saxony. (2024)\u2026","rel":"","context":"\u00c4hnlicher Beitrag","block_context":{"text":"\u00c4hnlicher Beitrag","link":""},"img":{"alt_text":"","src":"","width":0,"height":0},"classes":[]}],"_links":{"self":[{"href":"https:\/\/heritagestudies.eu\/youngclimateaction\/wp-json\/wp\/v2\/pages\/293","targetHints":{"allow":["GET"]}}],"collection":[{"href":"https:\/\/heritagestudies.eu\/youngclimateaction\/wp-json\/wp\/v2\/pages"}],"about":[{"href":"https:\/\/heritagestudies.eu\/youngclimateaction\/wp-json\/wp\/v2\/types\/page"}],"author":[{"embeddable":true,"href":"https:\/\/heritagestudies.eu\/youngclimateaction\/wp-json\/wp\/v2\/users\/18"}],"replies":[{"embeddable":true,"href":"https:\/\/heritagestudies.eu\/youngclimateaction\/wp-json\/wp\/v2\/comments?post=293"}],"version-history":[{"count":5,"href":"https:\/\/heritagestudies.eu\/youngclimateaction\/wp-json\/wp\/v2\/pages\/293\/revisions"}],"predecessor-version":[{"id":2054,"href":"https:\/\/heritagestudies.eu\/youngclimateaction\/wp-json\/wp\/v2\/pages\/293\/revisions\/2054"}],"wp:attachment":[{"href":"https:\/\/heritagestudies.eu\/youngclimateaction\/wp-json\/wp\/v2\/media?parent=293"}],"curies":[{"name":"wp","href":"https:\/\/api.w.org\/{rel}","templated":true}]}}